{"id":40326,"date":"2025-07-29T17:35:10","date_gmt":"2025-07-29T17:35:10","guid":{"rendered":"https:\/\/www.futurismo.pt\/imprint\/"},"modified":"2025-07-29T17:35:10","modified_gmt":"2025-07-29T17:35:10","slug":"imprint","status":"publish","type":"page","link":"https:\/\/staging.futurismo.pt\/fr\/impression\/","title":{"rendered":"Impression"},"content":{"rendered":"<!-- Legal document generated by Complianz | GDPR\/CCPA Cookie Consent https:\/\/wordpress.org\/plugins\/complianz-gdpr -->\n<div id=\"cmplz-document\" class=\"cmplz-document impressum cmplz-document-all\"><p><i>Cette imprint a \u00e9t\u00e9 mise \u00e0 jour pour la derni\u00e8re fois le 13 de janvier, 2026.<\/i><\/p><p class=\"cmplz-subtitle\">Le propri\u00e9taire de ce site web est :<\/p><p>Futurismo Azores Adventures, Lda Limited<br>Marina Portas do Mar, Av. Infante Dom Henrique, 26, 9500-771 Ponta Delgada<br>Portugal<br>E-mail :&nbsp;<span class=\"cmplz-obfuscate\">&#109;&#097;&#114;&#107;&#101;ti&#110;g@<span class=\"cmplz-fmail-domain\">ex.com<\/span>f&#117;&#116;u&#114;i&#115;mo&#046;p&#116;<\/span><br>Num\u00e9ro de t\u00e9l\u00e9phone : +351 296 628 522<br>ID TVA : PT512031495<\/p><p class=\"cmplz-subtitle\">Le(s) repr\u00e9sentant(s) l\u00e9gal(aux) de Futurismo Azores Adventures, Lda Limited :<\/p><p>Ruben Rodrigues<\/p><h2>1. G\u00e9n\u00e9ral<\/h2><p>Nous ne sommes ni dispos\u00e9s ni oblig\u00e9s de participer \u00e0 des proc\u00e9dures de r\u00e8glement des litiges devant une commission d'arbitrage des consommateurs.<\/p><h2>2. Les informations suivantes sont obligatoires selon la loi allemande.<\/h2><p class=\"cmplz-subtitle\">2.1 Les actifs de la soci\u00e9t\u00e9 (capital social) qui ont \u00e9t\u00e9 constitu\u00e9s par elle :<\/p><p>\u20ac 556.125.00<\/p><\/div>","protected":false},"excerpt":{"rendered":"","protected":false},"author":3,"featured_media":0,"parent":0,"menu_order":0,"comment_status":"closed","ping_status":"closed","template":"","meta":{"_acf_changed":false,"inline_featured_image":false,"footnotes":""},"class_list":["post-40326","page","type-page","status-publish","hentry"],"acf":[],"yoast_head":"<!-- This site is optimized with the Yoast SEO Premium plugin v26.9 (Yoast SEO v26.9) - https:\/\/yoast.com\/product\/yoast-seo-premium-wordpress\/ -->\n<title>Imprint | Futurismo Azores Adventures<\/title>\n<meta name=\"robots\" content=\"index, follow, max-snippet:-1, max-image-preview:large, max-video-preview:-1\" \/>\n<link rel=\"canonical\" href=\"https:\/\/staging.futurismo.pt\/fr\/impressao\/\" \/>\n<meta property=\"og:locale\" content=\"fr_FR\" \/>\n<meta property=\"og:type\" content=\"article\" \/>\n<meta property=\"og:title\" content=\"Imprint\" \/>\n<meta property=\"og:url\" content=\"https:\/\/staging.futurismo.pt\/fr\/impressao\/\" \/>\n<meta property=\"og:site_name\" content=\"Futurismo Azores Adventures\" \/>\n<meta property=\"article:publisher\" content=\"https:\/\/www.facebook.com\/acoreswhalewatching\" \/>\n<meta property=\"og:image\" content=\"https:\/\/staging.futurismo.pt\/wp-content\/uploads\/2023\/10\/Design-sem-nome.jpg\" \/>\n\t<meta property=\"og:image:width\" content=\"1200\" \/>\n\t<meta property=\"og:image:height\" content=\"675\" \/>\n\t<meta property=\"og:image:type\" content=\"image\/jpeg\" \/>\n<meta name=\"twitter:card\" content=\"summary_large_image\" \/>\n<meta name=\"twitter:site\" content=\"@futurismoazores\" \/>\n<script type=\"application\/ld+json\" class=\"yoast-schema-graph\">{\"@context\":\"https:\/\/schema.org\",\"@graph\":[{\"@type\":\"WebPage\",\"@id\":\"https:\/\/staging.futurismo.pt\/pt\/impressao\/\",\"url\":\"https:\/\/staging.futurismo.pt\/pt\/impressao\/\",\"name\":\"Imprint | Futurismo Azores Adventures\",\"isPartOf\":{\"@id\":\"https:\/\/staging.futurismo.pt\/#website\"},\"datePublished\":\"2025-07-29T17:35:10+00:00\",\"breadcrumb\":{\"@id\":\"https:\/\/staging.futurismo.pt\/pt\/impressao\/#breadcrumb\"},\"inLanguage\":\"fr-FR\",\"potentialAction\":[{\"@type\":\"ReadAction\",\"target\":[\"https:\/\/staging.futurismo.pt\/pt\/impressao\/\"]}]},{\"@type\":\"BreadcrumbList\",\"@id\":\"https:\/\/staging.futurismo.pt\/pt\/impressao\/#breadcrumb\",\"itemListElement\":[{\"@type\":\"ListItem\",\"position\":1,\"name\":\"In\u00edcio\",\"item\":\"https:\/\/staging.futurismo.pt\/\"},{\"@type\":\"ListItem\",\"position\":2,\"name\":\"Imprint\"}]},{\"@type\":\"WebSite\",\"@id\":\"https:\/\/staging.futurismo.pt\/#website\",\"url\":\"https:\/\/staging.futurismo.pt\/\",\"name\":\"Futurismo Azores Adventures\",\"description\":\"Explore, Love and Protect\",\"publisher\":{\"@id\":\"https:\/\/staging.futurismo.pt\/#organization\"},\"alternateName\":\"Futurismo\",\"potentialAction\":[{\"@type\":\"SearchAction\",\"target\":{\"@type\":\"EntryPoint\",\"urlTemplate\":\"https:\/\/staging.futurismo.pt\/?s={search_term_string}\"},\"query-input\":{\"@type\":\"PropertyValueSpecification\",\"valueRequired\":true,\"valueName\":\"search_term_string\"}}],\"inLanguage\":\"fr-FR\"},{\"@type\":\"Organization\",\"@id\":\"https:\/\/staging.futurismo.pt\/#organization\",\"name\":\"Futurismo Azores Adventures\",\"alternateName\":\"Futurismo\",\"url\":\"https:\/\/staging.futurismo.pt\/\",\"logo\":{\"@type\":\"ImageObject\",\"inLanguage\":\"fr-FR\",\"@id\":\"https:\/\/staging.futurismo.pt\/#\/schema\/logo\/image\/\",\"url\":\"https:\/\/staging.futurismo.pt\/wp-content\/uploads\/2023\/03\/logo-futurismo-azores-adventures.webp\",\"contentUrl\":\"https:\/\/staging.futurismo.pt\/wp-content\/uploads\/2023\/03\/logo-futurismo-azores-adventures.webp\",\"width\":1920,\"height\":461,\"caption\":\"Futurismo Azores Adventures\"},\"image\":{\"@id\":\"https:\/\/staging.futurismo.pt\/#\/schema\/logo\/image\/\"},\"sameAs\":[\"https:\/\/www.facebook.com\/acoreswhalewatching\",\"https:\/\/x.com\/futurismoazores\",\"https:\/\/www.instagram.com\/futurismoazoresadventures\/\",\"https:\/\/www.youtube.com\/@FuturismoAzores\"]}]}<\/script>\n<!-- \/ Yoast SEO Premium plugin. -->","yoast_head_json":{"title":"Mention l\u00e9gale - Futurismo Azores Adventures","robots":{"index":"index","follow":"follow","max-snippet":"max-snippet:-1","max-image-preview":"max-image-preview:large","max-video-preview":"max-video-preview:-1"},"canonical":"https:\/\/staging.futurismo.pt\/fr\/impressao\/","og_locale":"fr_FR","og_type":"article","og_title":"Imprint","og_url":"https:\/\/staging.futurismo.pt\/fr\/impressao\/","og_site_name":"Futurismo Azores Adventures","article_publisher":"https:\/\/www.facebook.com\/acoreswhalewatching","og_image":[{"width":1200,"height":675,"url":"https:\/\/staging.futurismo.pt\/wp-content\/uploads\/2023\/10\/Design-sem-nome.jpg","type":"image\/jpeg"}],"twitter_card":"summary_large_image","twitter_site":"@futurismoazores","schema":{"@context":"https:\/\/schema.org","@graph":[{"@type":"WebPage","@id":"https:\/\/staging.futurismo.pt\/pt\/impressao\/","url":"https:\/\/staging.futurismo.pt\/pt\/impressao\/","name":"Mention l\u00e9gale - Futurismo Azores Adventures","isPartOf":{"@id":"https:\/\/staging.futurismo.pt\/#website"},"datePublished":"2025-07-29T17:35:10+00:00","breadcrumb":{"@id":"https:\/\/staging.futurismo.pt\/pt\/impressao\/#breadcrumb"},"inLanguage":"fr-FR","potentialAction":[{"@type":"ReadAction","target":["https:\/\/staging.futurismo.pt\/pt\/impressao\/"]}]},{"@type":"BreadcrumbList","@id":"https:\/\/staging.futurismo.pt\/pt\/impressao\/#breadcrumb","itemListElement":[{"@type":"ListItem","position":1,"name":"In\u00edcio","item":"https:\/\/staging.futurismo.pt\/"},{"@type":"ListItem","position":2,"name":"Imprint"}]},{"@type":"WebSite","@id":"https:\/\/staging.futurismo.pt\/#website","url":"https:\/\/staging.futurismo.pt\/","name":"Aventures Futurismo A\u00e7ores","description":"Explorer, Aimer et Prot\u00e9ger","publisher":{"@id":"https:\/\/staging.futurismo.pt\/#organization"},"alternateName":"Futurismo","potentialAction":[{"@type":"SearchAction","target":{"@type":"EntryPoint","urlTemplate":"https:\/\/staging.futurismo.pt\/?s={search_term_string}"},"query-input":{"@type":"PropertyValueSpecification","valueRequired":true,"valueName":"search_term_string"}}],"inLanguage":"fr-FR"},{"@type":"Organization","@id":"https:\/\/staging.futurismo.pt\/#organization","name":"Aventures Futurismo A\u00e7ores","alternateName":"Futurismo","url":"https:\/\/staging.futurismo.pt\/","logo":{"@type":"ImageObject","inLanguage":"fr-FR","@id":"https:\/\/staging.futurismo.pt\/#\/schema\/logo\/image\/","url":"https:\/\/staging.futurismo.pt\/wp-content\/uploads\/2023\/03\/logo-futurismo-azores-adventures.webp","contentUrl":"https:\/\/staging.futurismo.pt\/wp-content\/uploads\/2023\/03\/logo-futurismo-azores-adventures.webp","width":1920,"height":461,"caption":"Futurismo Azores Adventures"},"image":{"@id":"https:\/\/staging.futurismo.pt\/#\/schema\/logo\/image\/"},"sameAs":["https:\/\/www.facebook.com\/acoreswhalewatching","https:\/\/x.com\/futurismoazores","https:\/\/www.instagram.com\/futurismoazoresadventures\/","https:\/\/www.youtube.com\/@FuturismoAzores"]}]}},"_links":{"self":[{"href":"https:\/\/staging.futurismo.pt\/fr\/wp-json\/wp\/v2\/pages\/40326","targetHints":{"allow":["GET"]}}],"collection":[{"href":"https:\/\/staging.futurismo.pt\/fr\/wp-json\/wp\/v2\/pages"}],"about":[{"href":"https:\/\/staging.futurismo.pt\/fr\/wp-json\/wp\/v2\/types\/page"}],"author":[{"embeddable":true,"href":"https:\/\/staging.futurismo.pt\/fr\/wp-json\/wp\/v2\/users\/3"}],"replies":[{"embeddable":true,"href":"https:\/\/staging.futurismo.pt\/fr\/wp-json\/wp\/v2\/comments?post=40326"}],"version-history":[{"count":0,"href":"https:\/\/staging.futurismo.pt\/fr\/wp-json\/wp\/v2\/pages\/40326\/revisions"}],"wp:attachment":[{"href":"https:\/\/staging.futurismo.pt\/fr\/wp-json\/wp\/v2\/media?parent=40326"}],"curies":[{"name":"wp","href":"https:\/\/api.w.org\/{rel}","templated":true}]}}